{"id":3676,"date":"2023-02-14T08:48:10","date_gmt":"2023-02-14T08:48:10","guid":{"rendered":"https:\/\/www.faradayinternational.eu\/politica-de-cookies\/"},"modified":"2023-03-31T10:00:13","modified_gmt":"2023-03-31T10:00:13","slug":"politica-de-cookies","status":"publish","type":"page","link":"https:\/\/www.faradayinternational.eu\/it\/politica-de-cookies\/","title":{"rendered":"Politica sui cookie"},"content":{"rendered":"<div class=\"fusion-fullwidth fullwidth-box fusion-builder-row-1 fusion-flex-container nonhundred-percent-fullwidth non-hundred-percent-height-scrolling\" style=\"--awb-border-radius-top-left:0px;--awb-border-radius-top-right:0px;--awb-border-radius-bottom-right:0px;--awb-border-radius-bottom-left:0px;\" ><div class=\"fusion-builder-row fusion-row fusion-flex-align-items-flex-start\" style=\"max-width:1310.4px;margin-left: calc(-4% \/ 2 );margin-right: calc(-4% \/ 2 );\"><div class=\"fusion-layout-column fusion_builder_column fusion-builder-column-0 fusion_builder_column_1_1 1_1 fusion-flex-column\" style=\"--awb-bg-size:cover;--awb-width-large:100%;--awb-margin-top-large:0px;--awb-spacing-right-large:1.92%;--awb-margin-bottom-large:0px;--awb-spacing-left-large:1.92%;--awb-width-medium:100%;--awb-spacing-right-medium:1.92%;--awb-spacing-left-medium:1.92%;--awb-width-small:100%;--awb-spacing-right-small:1.92%;--awb-spacing-left-small:1.92%;\"><div class=\"fusion-column-wrapper fusion-flex-justify-content-flex-start fusion-content-layout-column\"><div class=\"fusion-text fusion-text-1\"><p><strong>Politica sui cookie<\/strong><\/p>\n<p>Faraday internacional informa sull&#8217;utilizzo dei cookie sul proprio sito web: https:\/\/www.faradayinternational.eu\/<\/p>\n<p><strong>Cosa sono i cookie?<\/strong><\/p>\n<p>I cookie sono file che possono essere scaricati sul vostro computer dai siti web. Sono strumenti che svolgono un ruolo essenziale nella fornitura di molti servizi della societ\u00e0 dell&#8217;informazione. Tra l&#8217;altro, consentono a un sito web di memorizzare e recuperare informazioni sulle abitudini di navigazione di un utente o sulle sue apparecchiature e, a seconda delle informazioni ottenute, possono essere utilizzati per riconoscere l&#8217;utente e migliorare il servizio offerto.<\/p>\n<p><strong>Tipi di cookie<\/strong><\/p>\n<p>A seconda dell&#8217;entit\u00e0 che gestisce il dominio da cui vengono inviati i cookie e che elabora i dati ottenuti, si possono distinguere due tipi:<\/p>\n<p>Cookie di prima parte: quelli che vengono inviati al terminale dell&#8217;utente da un computer o da un dominio gestito dall&#8217;editore stesso e dal quale viene fornito il servizio richiesto dall&#8217;utente.<\/p>\n<p>Cookie di terze parti: quelli inviati al terminale dell&#8217;utente da un computer o dominio non gestito dall&#8217;editore, ma da un&#8217;altra entit\u00e0 che elabora i dati ottenuti attraverso i cookie.<\/p>\n<p>Nel caso in cui i cookie siano installati da un computer o dominio gestito dall&#8217;editore stesso, ma le informazioni raccolte attraverso di essi siano gestite da una terza parte, non possono essere considerati cookie propri.<\/p>\n<p>Esiste anche una seconda classificazione in base alla durata della loro memorizzazione nel browser del cliente, che pu\u00f2 comprendere:<\/p>\n<p>Cookie di sessione: progettati per raccogliere e memorizzare dati mentre l&#8217;utente accede a una pagina web. Di solito vengono utilizzati per memorizzare informazioni che \u00e8 interessante conservare solo per la fornitura del servizio richiesto dall&#8217;utente in una singola occasione (ad esempio, un elenco di prodotti acquistati).<\/p>\n<p>Cookie persistenti: I dati rimangono memorizzati nel terminale e possono essere consultati ed elaborati per un periodo definito dal responsabile del cookie, che pu\u00f2 variare da pochi minuti a diversi anni.<\/p>\n<p>Infine, esiste un&#8217;altra classificazione con sei tipi di cookie a seconda dello scopo per cui vengono trattati i dati ottenuti:<\/p>\n<p>Cookie tecnici: Quelli che permettono all&#8217;utente di navigare in un sito web, una piattaforma o un&#8217;applicazione e l&#8217;utilizzo delle diverse opzioni o servizi in esso presenti come, ad esempio, il controllo del traffico e della comunicazione dei dati, l&#8217;identificazione della sessione, l&#8217;accesso a parti ad accesso limitato, la memorizzazione degli elementi che compongono un ordine, l&#8217;esecuzione del processo di acquisto di un ordine, la richiesta di registrazione o la partecipazione a un evento, l&#8217;utilizzo di elementi di sicurezza durante la navigazione, la memorizzazione di contenuti per la diffusione di video o suoni o la condivisione di contenuti attraverso i social network.<\/p>\n<p>Cookie di personalizzazione: consentono all&#8217;utente di accedere al servizio con alcune caratteristiche generali predefinite in base a una serie di criteri presenti nel terminale dell&#8217;utente, come la lingua, il tipo di browser utilizzato per accedere al servizio, la configurazione regionale da cui si accede al servizio, ecc.<\/p>\n<p>Cookie di analisi: consentono al responsabile di monitorare e analizzare il comportamento degli utenti dei siti web a cui sono collegati. Le informazioni raccolte attraverso questo tipo di cookie vengono utilizzate per misurare l&#8217;attivit\u00e0 dei siti web, delle applicazioni o delle piattaforme e per elaborare profili di navigazione degli utenti di tali siti, applicazioni e piattaforme, al fine di introdurre miglioramenti basati sull&#8217;analisi dei dati di utilizzo degli utenti del servizio.<\/p>\n<p>Cookie pubblicitari: consentono di gestire nel modo pi\u00f9 efficiente possibile gli spazi pubblicitari.<\/p>\n<p>Cookie di pubblicit\u00e0 comportamentale: memorizzano informazioni sul comportamento degli utenti ottenute attraverso l&#8217;osservazione continua delle loro abitudini di navigazione, che consentono di sviluppare un profilo specifico per visualizzare pubblicit\u00e0 basata sullo stesso.<\/p>\n<p>Cookie di social network esterni: sono utilizzati per consentire ai visitatori di interagire con i contenuti di diverse piattaforme sociali (Facebook, YouTube, Twitter, LinkedIn, ecc.) e sono generati solo per gli utenti di questi social network. Le condizioni di utilizzo di questi cookie e le informazioni raccolte sono regolate dalla politica sulla privacy della piattaforma sociale corrispondente.<\/p>\n<p><strong>Disabilitazione ed eliminazione dei cookie<\/strong><\/p>\n<p>L&#8217;utente ha la possibilit\u00e0 di consentire, bloccare o eliminare i cookie installati sul suo computer configurando le opzioni del browser installato sul suo computer. Disabilitando i cookie, alcuni dei servizi disponibili potrebbero non essere pi\u00f9 operativi. La modalit\u00e0 di disabilitazione dei cookie \u00e8 diversa per ogni browser, ma di solito pu\u00f2 essere effettuata dal menu Strumenti o Opzioni. Si pu\u00f2 anche consultare il menu Aiuto del browser, dove si trovano le istruzioni. L&#8217;utente pu\u00f2 scegliere in qualsiasi momento quali cookie desidera utilizzare su questo sito web.<\/p>\n<p>\u00c8 possibile consentire, bloccare o eliminare i cookie installati sul proprio computer configurando le opzioni del browser installato sul proprio computer:<\/p>\n<p>Microsoft Internet Explorer o Microsoft Edge: http:\/\/windows.microsoft.com\/es-es\/windows-vista\/Block-or-allow-cookies<\/p>\n<p>Mozilla Firefox: http:\/\/support.mozilla.org\/es\/kb\/impedir-que-los-sitios-web-guarden-sus-preferencia<\/p>\n<p>Chrome: https:\/\/support.google.com\/accounts\/answer\/61416?hl=es<\/p>\n<p>Safari: http:\/\/safari.helpmax.net\/es\/privacidad-y-seguridad\/como-gestionar-las-cookies\/<\/p>\n<p>Opera: http:\/\/help.opera.com\/Linux\/10.60\/es-ES\/cookies.html<\/p>\n<p>Inoltre, \u00e8 possibile gestire la memorizzazione dei cookie nel browser utilizzando strumenti come i seguenti:<\/p>\n<p>Ghostery: www.ghostery.com<\/p>\n<p>Le vostre scelte online: www.youronlinechoices.com\/es\/<\/p>\n<p>Cookie utilizzati su https:\/\/www.faradayinternational.eu\/<\/p>\n<p>I cookie utilizzati in questo portale sono identificati di seguito, cos\u00ec come il loro tipo e la loro funzione:<\/p>\n<p>_utma<\/p>\n<p>Durata: 2 anni dopo l&#8217;installazione o l&#8217;aggiornamento.<\/p>\n<p><strong>Descrizione: raccoglie informazioni anonime sulla navigazione degli utenti sul sito web per conoscere l&#8217;origine delle visite e altri dati statistici. Questo cookie viene normalmente memorizzato nel browser alla prima visita del nostro sito web. Se il cookie \u00e8 stato cancellato dal browser e successivamente si visita il nostro sito web, viene scritto un nuovo cookie del tipo _utma con un diverso ID univoco. Questo cookie viene utilizzato per determinare i visitatori unici del nostro sito web e viene aggiornato a ogni visualizzazione della pagina. Inoltre, questo cookie fornisce un identificatore unico che Google Analytics utilizza per garantire la validit\u00e0 e l&#8217;accessibilit\u00e0 del cookie, nonch\u00e9 una misura di sicurezza aggiuntiva.<\/strong><\/p>\n<p><strong>Tipo: Terza parte<\/strong><\/p>\n<p>Scopo: Analisi<\/p>\n<p>_utmb<\/p>\n<p>Durata: 30 minuti<\/p>\n<p><strong>Descrizione: Memorizza informazioni sull&#8217;attivit\u00e0 della visita al nostro sito web e principalmente la durata della visita.<\/strong><\/p>\n<p>Tipo: Terzi<\/p>\n<p>Scopo: Analitico<\/p>\n<p>_utmc<\/p>\n<p>Durata: Sessione<\/p>\n<p><strong>Descrizione: memorizza informazioni sull&#8217;attivit\u00e0 della visita al nostro sito web e principalmente sulla durata della visita.<\/strong><\/p>\n<p>Tipo: Terzi<\/p>\n<p>Scopo: Analitico<\/p>\n<p>_utmz<\/p>\n<p>Durata: 6 mesi dopo l&#8217;installazione o l&#8217;aggiornamento.<\/p>\n<p><strong>Descrizione:<\/strong><\/p>\n<p>Questo cookie viene solitamente memorizzato nel browser alla prima visita del nostro sito web. Questo cookie memorizza il modo in cui il visitatore \u00e8 arrivato al nostro sito web, inserendo direttamente l&#8217;indirizzo del dominio, un link, una ricerca sul web o una pubblicit\u00e0. Il cookie viene aggiornato ogni volta che si visita il nostro sito web.<\/p>\n<p>Tipo: Terza parte<\/p>\n<p>Scopo: Analisi<\/p>\n<p>_ga<\/p>\n<p>Durata: 2 anni<\/p>\n<p><strong>Descrizione: Utilizzato per distinguere gli utenti. Generato da Google Analytics. Google memorizza le informazioni raccolte dai cookie su server situati negli Stati Uniti, nel rispetto della legislazione europea in materia di protezione dei dati personali, e si impegna a non condividerle con terzi, salvo nei casi in cui ci\u00f2 sia richiesto dalla legge o sia necessario per il funzionamento del sistema. Google non associa il vostro indirizzo IP a nessun&#8217;altra informazione in suo possesso. Per ulteriori informazioni sui cookie utilizzati da Google Analytics, consultare il sito: https:\/\/developers.google.com\/analytics\/devguides\/collection\/analyticsjs\/cookie-usage?hl=es&amp;csw=1.<\/strong><\/p>\n<p>Tipo: Terza parte<\/p>\n<p>Scopo: Analisi<\/p>\n<p>_gat<\/p>\n<p>Durata: 1 minuto<\/p>\n<p><strong>Descrizione: Utilizzato per mostrare la nostra pubblicit\u00e0 su altre pagine della rete Google. Generato da Google Analytics. Google memorizza le informazioni raccolte dai cookie su server situati negli Stati Uniti, nel rispetto della legislazione europea in materia di protezione dei dati personali, e si impegna a non condividerle con terzi, salvo nei casi in cui ci\u00f2 sia richiesto dalla legge o sia necessario per il funzionamento del sistema. Google non associa il vostro indirizzo IP a nessun&#8217;altra informazione in suo possesso. Per ulteriori informazioni sui cookie utilizzati da Google Analytics, consultare il sito: https:\/\/developers.google.com\/analytics\/devguides\/collection\/analyticsjs\/cookie-usage?hl=es&amp;csw=1.<\/strong><\/p>\n<p>Tipo: Terze parti<\/p>\n<p>Scopo: Pubblicit\u00e0 comportamentale<\/p>\n<p>_gid<\/p>\n<p>Durata: 24 ore<\/p>\n<p><strong>Descrizione: Generato da Google Analytics. Google archivia le informazioni raccolte dai cookie su server situati negli Stati Uniti, nel rispetto della legislazione europea in materia di protezione dei dati personali, e si impegna a non condividerle con terzi, salvo nei casi in cui ci\u00f2 sia richiesto dalla legge o sia necessario per il funzionamento del sistema. Google non associa il vostro indirizzo IP a nessun&#8217;altra informazione in suo possesso. Se desiderate maggiori informazioni sui cookie utilizzati da Google Analytics, consultate il sito: https:\/\/developers.google.com\/analytics\/devguides\/collection\/analyticsjs\/cookie-usage?hl=es&amp;csw.<\/strong><\/p>\n<p>Tipo: Terze parti<\/p>\n<p>Scopo: Pubblicit\u00e0 comportamentale<\/p>\n<p>APISID<\/p>\n<p>Durata: 2 anni<\/p>\n<p><strong>Descrizione: Quando si crea o si accede a un account Google, questo cookie viene memorizzato sul computer dell&#8217;utente al fine di mantenere l&#8217;accesso all&#8217;account Google quando si visitano nuovamente i suoi servizi. Finch\u00e9 rimarrete connessi e utilizzerete i plugin su altri siti web come il nostro, Google utilizzer\u00e0 questi cookie per migliorare la vostra esperienza utente.<\/strong><\/p>\n<p>Tipo: Terze parti<\/p>\n<p>Scopo: Analisi<\/p>\n<p>HSID<\/p>\n<p>Durata: 2 anni<\/p>\n<p><strong>Descrizione: Quando si crea o si accede a un account Google, questo cookie viene memorizzato sul computer dell&#8217;utente al fine di mantenere l&#8217;accesso all&#8217;account Google quando si visitano nuovamente i loro servizi. Finch\u00e9 rimarrete connessi e utilizzerete i plugin su altri siti web come il nostro, Google utilizzer\u00e0 questi cookie per migliorare la vostra esperienza utente.<\/strong><\/p>\n<p>Tipo: Terze parti<\/p>\n<p>Scopo: Analisi<\/p>\n<p>LOGIN_INFO<\/p>\n<p>Durata: 2 anni<\/p>\n<p><strong>Descrizione: In alcune pagine del nostro sito web abbiamo incorporato video di Youtube, un servizio di Google. Il suo utilizzo implica la remissione di questo cookie in aggiunta ai cookie che Google richiede se si mantiene attiva la sessione con il proprio account, con lo scopo di visualizzare i video incorporati, stimare la larghezza di banda e mostrare quante volte sono stati riprodotti.<\/strong><\/p>\n<p>Tipo: Terze parti<\/p>\n<p>Scopo: Analisi<\/p>\n<p>PREF<\/p>\n<p>Durata: 2 anni<\/p>\n<p><strong>Descrizione: quando si crea o si accede a un account Google, questo cookie viene memorizzato sul computer dell&#8217;utente per consentirgli di rimanere connesso all&#8217;account Google quando visita nuovamente i suoi servizi. Finch\u00e9 l&#8217;utente rimane connesso e utilizza i plugin su altri siti web come il nostro, Google utilizzer\u00e0 questi cookie per migliorare la sua esperienza d&#8217;uso.<\/strong><\/p>\n<p>Tipo: Terze parti<\/p>\n<p>Scopo: Analisi<\/p>\n<p>SAPISID<\/p>\n<p>Durata: 2 anni<\/p>\n<p><strong>Descrizione: In alcune pagine del nostro sito web abbiamo incorporato video da Youtube, un servizio di Google. Il suo utilizzo implica la remissione di questo cookie in aggiunta ai cookie che Google richiede se si mantiene attiva la sessione con il proprio account, con lo scopo di visualizzare i video incorporati, stimare la larghezza di banda e mostrare quante volte sono stati riprodotti.<\/strong><\/p>\n<p><strong>Tipo: Terze parti<\/strong><\/p>\n<p>Scopo: Analisi<\/p>\n<p>SID<\/p>\n<p>Durata: 2 anni<\/p>\n<p><strong>Descrizione: quando si crea o si accede a un account Google, questo cookie viene memorizzato sul computer dell&#8217;utente al fine di mantenere l&#8217;accesso all&#8217;account Google quando si visitano nuovamente i suoi servizi. Finch\u00e9 rimarrete connessi e utilizzerete i plugin su altri siti web come il nostro, Google utilizzer\u00e0 questi cookie per migliorare la vostra esperienza utente.<\/strong><\/p>\n<p><strong>Tipo: Terze parti<\/strong><\/p>\n<p>Scopo: Analisi<\/p>\n<p>SSID<\/p>\n<p>Durata: 2 anni<\/p>\n<p><strong>Descrizione: Quando si crea o si accede a un account Google, questo cookie viene memorizzato sul computer dell&#8217;utente al fine di mantenere l&#8217;accesso all&#8217;account Google quando si visitano nuovamente i loro servizi. Finch\u00e9 rimarrete connessi e utilizzerete i plugin su altri siti web come il nostro, Google utilizzer\u00e0 questi cookie per migliorare la vostra esperienza.<\/strong><\/p>\n<p><strong>Tipo: Terze parti<\/strong><\/p>\n<p>Scopo: Analisi<\/p>\n<p>VISITATORE_INFO1_LIVE<\/p>\n<p>Durata: 8 mesi<\/p>\n<p><strong>Descrizione: In alcune pagine del nostro Sito Web abbiamo incorporato video di Youtube, un servizio di Google. Il suo utilizzo implica la remissione di questo cookie in aggiunta ai cookie che Google richiede se si mantiene attiva la sessione con il proprio account, con lo scopo di visualizzare i video incorporati, stimare la larghezza di banda e mostrare quante volte sono stati riprodotti.<\/strong><\/p>\n<p><strong>Tipo: Terze parti<\/strong><\/p>\n<p>Scopo: Analisi<\/p>\n<p>YSC<\/p>\n<p>Durata: Al logout<\/p>\n<p><strong>Descrizione: In alcune pagine del nostro sito web abbiamo incorporato video di Youtube, un servizio di Google. Il suo utilizzo implica la remissione di questo cookie in aggiunta ai cookie che Google richiede se si mantiene attiva la sessione con il proprio account, con lo scopo di visualizzare i video incorporati, stimare la larghezza di banda e mostrare quante volte sono stati riprodotti.<\/strong><\/p>\n<p><strong>Tipo: Terze parti<\/strong><\/p>\n<p>Scopo: Analisi<\/p>\n<p>nTpXe.resume<\/p>\n<p>Durata: 1 mese<\/p>\n<p><strong>Descrizione: In alcune pagine del nostro sito web abbiamo incorporato video di Youtube, un servizio di Google. Il suo utilizzo implica la remissione di questo cookie in aggiunta ai cookie che Google richiede se si mantiene attiva la sessione con il proprio account, con lo scopo di visualizzare i video incorporati, stimare la larghezza di banda e mostrare quante volte sono stati riprodotti.<\/strong><\/p>\n<p><strong>Tipo: Terze parti<\/strong><\/p>\n<p>Scopo: Analisi<\/p>\n<p>NID<\/p>\n<p>Durata: 6 mesi<\/p>\n<p><strong>Descrizione: Lo scopo di questo cookie \u00e8 quello di memorizzare informazioni sulle preferenze dell&#8217;utente.<\/strong><\/p>\n<p><strong>Tipo: Terza parte<\/strong><\/p>\n<p>Scopo: Personalizzazione<\/p>\n<p>AMP_TOKEN<\/p>\n<p>Durata: da 30 secondi a 1 anno<\/p>\n<p><strong>Descrizione: include un token che pu\u00f2 essere utilizzato per recuperare un ID cliente dal servizio AMP Client ID. Altri valori possibili indicano le disattivazioni, le richieste in corso o gli errori ottenuti durante il recupero di un ID dal servizio AMP Client ID.<\/strong><\/p>\n<p><strong>Tipo: Terze parti<\/strong><\/p>\n<p>Scopo: Analisi<\/p>\n<p>gac_<\/p>\n<p>Durata: 90 giorni<\/p>\n<p><strong>Descrizione: include informazioni sulla campagna relative all&#8217;utente. Se avete collegato i vostri account Google Analytics e AdWords, i tag di conversione dei siti web leggeranno questo cookie, a meno che non lo disattiviate.<\/strong><\/p>\n<p><strong>Tipo: Terza parte<\/strong><\/p>\n<p>Scopo: Analisi<\/p>\n<p>https:\/\/www.faradayinternational.eu\/ visualizza le informazioni sulla sua Politica sui cookie nella parte inferiore o superiore di qualsiasi pagina del sito a ogni accesso.<\/p>\n<p>Alla luce di questa informativa \u00e8 possibile effettuare le seguenti azioni:<\/p>\n<p>Accettare i cookie: Questo avviso non verr\u00e0 pi\u00f9 visualizzato quando si accede a qualsiasi pagina del portale durante la sessione in corso.<\/p>\n<p>Modificare\/personalizzare la configurazione: \u00e8 possibile ottenere maggiori informazioni su cosa sono i cookie, conoscere la Politica sui cookie di: https:\/\/infosoft2000.com e modificare la configurazione del proprio browser.<\/p>\n<p>REV: 20.3009<\/p>\n<\/div><\/div><\/div><\/div><\/div>","protected":false},"excerpt":{"rendered":"","protected":false},"author":1,"featured_media":0,"parent":0,"menu_order":0,"comment_status":"closed","ping_status":"open","template":"","meta":{"footnotes":""},"class_list":["post-3676","page","type-page","status-publish","hentry"],"_links":{"self":[{"href":"https:\/\/www.faradayinternational.eu\/it\/wp-json\/wp\/v2\/pages\/3676","targetHints":{"allow":["GET"]}}],"collection":[{"href":"https:\/\/www.faradayinternational.eu\/it\/wp-json\/wp\/v2\/pages"}],"about":[{"href":"https:\/\/www.faradayinternational.eu\/it\/wp-json\/wp\/v2\/types\/page"}],"author":[{"embeddable":true,"href":"https:\/\/www.faradayinternational.eu\/it\/wp-json\/wp\/v2\/users\/1"}],"replies":[{"embeddable":true,"href":"https:\/\/www.faradayinternational.eu\/it\/wp-json\/wp\/v2\/comments?post=3676"}],"version-history":[{"count":2,"href":"https:\/\/www.faradayinternational.eu\/it\/wp-json\/wp\/v2\/pages\/3676\/revisions"}],"predecessor-version":[{"id":3678,"href":"https:\/\/www.faradayinternational.eu\/it\/wp-json\/wp\/v2\/pages\/3676\/revisions\/3678"}],"wp:attachment":[{"href":"https:\/\/www.faradayinternational.eu\/it\/wp-json\/wp\/v2\/media?parent=3676"}],"curies":[{"name":"wp","href":"https:\/\/api.w.org\/{rel}","templated":true}]}}