{"id":3672,"date":"2023-01-25T11:19:38","date_gmt":"2023-01-25T11:19:38","guid":{"rendered":"https:\/\/www.faradayinternational.eu\/politica-privacidad\/"},"modified":"2023-03-31T09:55:04","modified_gmt":"2023-03-31T09:55:04","slug":"politica-privacidad","status":"publish","type":"page","link":"https:\/\/www.faradayinternational.eu\/it\/politica-privacidad\/","title":{"rendered":"Politica sulla riservatezza"},"content":{"rendered":"<div class=\"fusion-fullwidth fullwidth-box fusion-builder-row-1 fusion-flex-container nonhundred-percent-fullwidth non-hundred-percent-height-scrolling\" style=\"--awb-border-radius-top-left:0px;--awb-border-radius-top-right:0px;--awb-border-radius-bottom-right:0px;--awb-border-radius-bottom-left:0px;\" ><div class=\"fusion-builder-row fusion-row fusion-flex-align-items-flex-start\" style=\"max-width:1310.4px;margin-left: calc(-4% \/ 2 );margin-right: calc(-4% \/ 2 );\"><div class=\"fusion-layout-column fusion_builder_column fusion-builder-column-0 fusion_builder_column_1_1 1_1 fusion-flex-column\" style=\"--awb-bg-size:cover;--awb-width-large:100%;--awb-margin-top-large:0px;--awb-spacing-right-large:1.92%;--awb-margin-bottom-large:0px;--awb-spacing-left-large:1.92%;--awb-width-medium:100%;--awb-spacing-right-medium:1.92%;--awb-spacing-left-medium:1.92%;--awb-width-small:100%;--awb-spacing-right-small:1.92%;--awb-spacing-left-small:1.92%;\"><div class=\"fusion-column-wrapper fusion-flex-justify-content-flex-start fusion-content-layout-column\"><div class=\"fusion-text fusion-text-1\"><p><strong>INFORMATIVA SULLA PRIVACY<\/strong><\/p>\n<p><strong>Protezione dei dati personali ai sensi del GDPR<\/strong><\/p>\n<p>Faraday internacional, in applicazione della normativa vigente in materia di protezione dei dati personali, informa che i dati personali raccolti attraverso i moduli presenti sul sito web: Faraday internacional, sono inclusi negli archivi automatizzati specifici degli utenti dei servizi di Faraday internacional.<\/p>\n<p>Lo scopo della raccolta e del trattamento automatizzato dei dati personali \u00e8 quello di mantenere il rapporto commerciale e lo svolgimento dei compiti di informazione, formazione, consulenza e altre attivit\u00e0 di Faraday internacional.<\/p>\n<p>Questi dati saranno trasferiti solo a quelle entit\u00e0 che sono necessarie per l&#8217;unico scopo di soddisfare la finalit\u00e0 di cui sopra.<\/p>\n<p>Faraday internacional adotta le misure necessarie per garantire la sicurezza, l&#8217;integrit\u00e0 e la riservatezza dei dati in conformit\u00e0 alle disposizioni del Regolamento (UE) 2016\/679 del Parlamento europeo e del Consiglio, del 27 aprile 2016, relativo alla protezione delle persone fisiche con riguardo al trattamento dei dati personali, nonch\u00e9 alla libera circolazione di tali dati, e che abroga la vecchia LOPD, la nuova Legge Organica 3\/2018, del 5 dicembre, sulla protezione dei dati e la garanzia dei diritti digitali (LOPDGDDD).<\/p>\n<p>L&#8217;utente pu\u00f2 esercitare in qualsiasi momento i diritti di accesso, opposizione, rettifica, cancellazione, limitazione e portabilit\u00e0 riconosciuti dal suddetto Regolamento (UE). Tali diritti potranno essere esercitati dall&#8217;utente inviando un&#8217;e-mail a: cventas@infosoft2000.com o al seguente indirizzo: C\/ La Hiruela n\u00ba 3 Local 19 b &#8211; Posterior 28035 Madrid.<\/p>\n<p>L&#8217;utente dichiara che tutti i dati da lui forniti sono veritieri e corretti e si impegna a mantenerli aggiornati, comunicando eventuali variazioni a Faraday internacional.<\/p>\n<p>Finalit\u00e0 del trattamento dei dati personali:<\/p>\n<p>Per quale scopo tratteremo i dati personali dell&#8217;utente?<\/p>\n<p>Faraday internacional tratter\u00e0 i dati personali dell&#8217;utente raccolti attraverso il Sito Web: con le seguenti finalit\u00e0:<\/p>\n<p>Fornire i propri servizi in base alle particolari esigenze dei clienti, al fine di adempiere ai contratti stipulati dagli stessi.<\/p>\n<p>Vi ricordiamo che potete opporvi all&#8217;invio di comunicazioni commerciali con qualsiasi mezzo e in qualsiasi momento, inviando una e-mail all&#8217;indirizzo sopra indicato.<\/p>\n<p>I campi di questi registri devono essere compilati, ed \u00e8 impossibile realizzare le finalit\u00e0 espresse in mancanza di questi dati.<\/p>\n<p>Per quanto tempo saranno conservati i dati personali raccolti?<\/p>\n<p>I dati personali forniti saranno conservati per tutto il tempo in cui il rapporto commerciale sar\u00e0 mantenuto o l&#8217;utente non ne richieder\u00e0 la cancellazione e per il periodo di tempo per il quale possono sorgere responsabilit\u00e0 legali dai servizi forniti.<\/p>\n<p>Legittimazione:<\/p>\n<p>Il trattamento dei Suoi dati viene effettuato sulle seguenti basi giuridiche che lo legittimano:<\/p>\n<p>La richiesta di informazioni e\/o la contrattazione dei servizi di Faraday internacional, i cui termini e condizioni vi saranno resi disponibili in ogni caso, prima di ogni eventuale contrattazione.<\/p>\n<p>Il consenso libero, specifico, informato e inequivocabile, nella misura in cui vi informiamo mettendo a vostra disposizione la presente informativa sulla privacy, che dopo averla letta, se siete d&#8217;accordo, potete accettare mediante una dichiarazione o una chiara azione affermativa, come ad esempio barrare una casella prevista a tale scopo.<\/p>\n<p>Se non ci fornite i vostri dati o se lo fate in modo errato o incompleto, non saremo in grado di evadere la vostra richiesta, rendendoci completamente impossibilitati a fornirvi le informazioni richieste o ad effettuare la contrattazione dei servizi.<\/p>\n<p>&nbsp;<\/p>\n<p><strong>Destinatari:<\/strong><\/p>\n<p>I dati non saranno comunicati a terzi al di fuori di Faraday internacional, a meno che non siano obbligati per legge.<\/p>\n<p>Dati raccolti dagli utenti dei servizi<\/p>\n<p>Nel caso in cui l&#8217;utente inserisca file con dati personali su server di hosting condiviso, Faraday internacional non \u00e8 responsabile del mancato rispetto del RGPD da parte dell&#8217;utente.<\/p>\n<p>Diritti di propriet\u00e0 intellettuale<\/p>\n<p>Faraday internacional \u00e8 titolare di tutti i diritti d&#8217;autore, di propriet\u00e0 intellettuale, di propriet\u00e0 industriale, di &#8220;know how&#8221; e di qualsiasi altro diritto relativo ai contenuti del sito web e ai servizi offerti su di esso, nonch\u00e9 ai programmi necessari per la sua realizzazione e alle relative informazioni.<\/p>\n<p>La riproduzione, la pubblicazione e\/o l&#8217;utilizzo dei contenuti, in tutto o in parte, del sito web, se non per uso strettamente privato, non \u00e8 consentita senza previa autorizzazione scritta.<\/p>\n<p>Propriet\u00e0 intellettuale del software<\/p>\n<p>L&#8217;utente \u00e8 tenuto a rispettare il software di terzi messo a disposizione da Faraday internacional, anche se gratuito e\/o disponibile pubblicamente.<\/p>\n<p>Faraday internacional dispone dei necessari diritti di sfruttamento e di propriet\u00e0 intellettuale del software.<\/p>\n<p>L&#8217;utente non acquisisce alcun diritto o licenza per il servizio contrattuale, sul software necessario per la fornitura del servizio, n\u00e9 sulle informazioni tecniche per il monitoraggio del servizio, ad eccezione dei diritti e delle licenze necessari per l&#8217;adempimento dei servizi contrattuali e solo per la durata degli stessi.<\/p>\n<p>Per qualsiasi azione che vada oltre l&#8217;adempimento del contratto, l&#8217;utente avr\u00e0 bisogno di un&#8217;autorizzazione scritta da parte di Faraday internacional, con il divieto di accedere, modificare, visualizzare la configurazione, la struttura e i file dei server di propriet\u00e0 di Faraday internacional, assumendosi la responsabilit\u00e0 civile e penale derivante da qualsiasi incidente che possa verificarsi nei server e nei sistemi di sicurezza come conseguenza diretta di un&#8217;azione negligente o dolosa da parte sua.<\/p>\n<p>Propriet\u00e0 intellettuale dei contenuti ospitati<\/p>\n<p>\u00c8 vietato l&#8217;uso contrario alla legislazione sulla propriet\u00e0 intellettuale dei servizi forniti da Faraday internacional e, in particolare:<\/p>\n<p>L&#8217;uso contrario alla legge spagnola o che viola i diritti di terzi.<\/p>\n<p>La pubblicazione o la trasmissione di qualsiasi contenuto che, a giudizio di Faraday internacional, sia violento, osceno, abusivo, illegale, razziale, xenofobo o diffamatorio.<\/p>\n<p>Cracks, numeri di serie di programmi o qualsiasi altro contenuto che violi i diritti di propriet\u00e0 intellettuale di terzi.<\/p>\n<p>La raccolta e\/o l&#8217;utilizzo di dati personali di altri utenti senza il loro esplicito consenso o in violazione delle disposizioni del Regolamento (UE) 2016\/679 del Parlamento Europeo e del Consiglio del 27 aprile 2016 relativo alla protezione delle persone fisiche con riguardo al trattamento dei dati personali, nonch\u00e9 alla libera circolazione di tali dati.<\/p>\n<p>L&#8217;utilizzo del server di posta del dominio e degli indirizzi e-mail per l&#8217;invio di e-mail massive non richieste.<\/p>\n<p>L&#8217;utente si assume la piena responsabilit\u00e0 del contenuto del proprio sito web, delle informazioni trasmesse e memorizzate, dei collegamenti ipertestuali, dei reclami di terzi e delle azioni legali in riferimento alla propriet\u00e0 intellettuale, ai diritti di terzi e alla tutela dei minori.<\/p>\n<p>L&#8217;utente \u00e8 responsabile del rispetto delle leggi e dei regolamenti in vigore e delle norme relative al funzionamento del servizio online, al commercio elettronico, al diritto d&#8217;autore, al mantenimento dell&#8217;ordine pubblico, nonch\u00e9 dei principi universali dell&#8217;uso di Internet.<\/p>\n<p>L&#8217;utente dovr\u00e0 risarcire Faraday internacional per i costi sostenuti da Faraday internacional in qualsiasi caso di cui l&#8217;utente sia responsabile, comprese le spese legali e le spese, anche nel caso di una decisione giudiziaria non definitiva.<\/p>\n<p><strong>Protezione delle informazioni ospitate<\/strong><\/p>\n<p>Faraday internacional effettua copie di backup dei contenuti ospitati sui propri server, tuttavia non \u00e8 responsabile della perdita o della cancellazione accidentale dei dati da parte degli utenti. Allo stesso modo, non garantisce la sostituzione totale dei dati cancellati dagli utenti, in quanto i suddetti dati potrebbero essere stati cancellati e\/o modificati durante il periodo di tempo trascorso dall&#8217;ultimo backup.<\/p>\n<p>I servizi offerti, ad eccezione di quelli specifici di backup, non comprendono la sostituzione dei contenuti conservati nelle copie di backup effettuate da Faraday internacional, quando tale perdita \u00e8 imputabile all&#8217;utente; in questo caso, verr\u00e0 stabilito un costo in base alla complessit\u00e0 e al volume del ripristino, sempre previa accettazione dell&#8217;utente.<\/p>\n<p>La sostituzione dei dati cancellati \u00e8 inclusa nel prezzo del servizio solo quando la perdita del contenuto \u00e8 dovuta a cause imputabili a Faraday internacional.<\/p>\n<p>Comunicazioni commerciali<\/p>\n<p>In applicazione della LSSI. Faraday internacional non invier\u00e0 comunicazioni pubblicitarie o promozionali tramite e-mail o qualsiasi altro mezzo di comunicazione elettronica equivalente che non siano state preventivamente richieste o espressamente autorizzate dai destinatari delle stesse.<\/p>\n<p>Nel caso di utenti con cui esiste un precedente rapporto contrattuale, Faraday internacional \u00e8 autorizzata a inviare comunicazioni commerciali relative a prodotti o servizi Faraday internacional simili a quelli inizialmente contrattati con il cliente.<\/p>\n<p>In ogni caso, l&#8217;utente, dopo aver dimostrato la propria identit\u00e0, pu\u00f2 richiedere che non gli vengano inviate ulteriori informazioni commerciali attraverso i canali del Servizio Clienti.<\/p>\n<p>REV: 20.3009<\/p>\n<\/div><\/div><\/div><\/div><\/div>","protected":false},"excerpt":{"rendered":"","protected":false},"author":1,"featured_media":0,"parent":0,"menu_order":0,"comment_status":"closed","ping_status":"open","template":"","meta":{"footnotes":""},"class_list":["post-3672","page","type-page","status-publish","hentry"],"_links":{"self":[{"href":"https:\/\/www.faradayinternational.eu\/it\/wp-json\/wp\/v2\/pages\/3672","targetHints":{"allow":["GET"]}}],"collection":[{"href":"https:\/\/www.faradayinternational.eu\/it\/wp-json\/wp\/v2\/pages"}],"about":[{"href":"https:\/\/www.faradayinternational.eu\/it\/wp-json\/wp\/v2\/types\/page"}],"author":[{"embeddable":true,"href":"https:\/\/www.faradayinternational.eu\/it\/wp-json\/wp\/v2\/users\/1"}],"replies":[{"embeddable":true,"href":"https:\/\/www.faradayinternational.eu\/it\/wp-json\/wp\/v2\/comments?post=3672"}],"version-history":[{"count":3,"href":"https:\/\/www.faradayinternational.eu\/it\/wp-json\/wp\/v2\/pages\/3672\/revisions"}],"predecessor-version":[{"id":3675,"href":"https:\/\/www.faradayinternational.eu\/it\/wp-json\/wp\/v2\/pages\/3672\/revisions\/3675"}],"wp:attachment":[{"href":"https:\/\/www.faradayinternational.eu\/it\/wp-json\/wp\/v2\/media?parent=3672"}],"curies":[{"name":"wp","href":"https:\/\/api.w.org\/{rel}","templated":true}]}}