{"id":34417,"date":"2025-03-04T07:17:17","date_gmt":"2025-03-04T07:17:17","guid":{"rendered":"https:\/\/www.faradayinternational.eu\/quality-policy\/"},"modified":"2025-03-04T07:28:45","modified_gmt":"2025-03-04T07:28:45","slug":"politica-della-qualita","status":"publish","type":"page","link":"https:\/\/www.faradayinternational.eu\/it\/politica-della-qualita\/","title":{"rendered":"Politica della Qualit\u00e0"},"content":{"rendered":"<div class=\"fusion-fullwidth fullwidth-box fusion-builder-row-1 fusion-flex-container nonhundred-percent-fullwidth non-hundred-percent-height-scrolling\" style=\"--awb-border-radius-top-left:0px;--awb-border-radius-top-right:0px;--awb-border-radius-bottom-right:0px;--awb-border-radius-bottom-left:0px;\" ><div class=\"fusion-builder-row fusion-row fusion-flex-align-items-flex-start\" style=\"max-width:1310.4px;margin-left: calc(-4% \/ 2 );margin-right: calc(-4% \/ 2 );\"><div class=\"fusion-layout-column fusion_builder_column fusion-builder-column-0 fusion_builder_column_1_1 1_1 fusion-flex-column\" style=\"--awb-bg-size:cover;--awb-width-large:100%;--awb-margin-top-large:0px;--awb-spacing-right-large:1.92%;--awb-margin-bottom-large:0px;--awb-spacing-left-large:1.92%;--awb-width-medium:100%;--awb-spacing-right-medium:1.92%;--awb-spacing-left-medium:1.92%;--awb-width-small:100%;--awb-spacing-right-small:1.92%;--awb-spacing-left-small:1.92%;\"><div class=\"fusion-column-wrapper fusion-flex-justify-content-flex-start fusion-content-layout-column\"><div class=\"fusion-text fusion-text-1\"><p><strong>POLITICA DELLA QUALIT\u00c0<\/strong><\/p>\n<p><strong>FARADY INT<\/strong> \u00e8 un gruppo di esperti con una vasta esperienza in grandi impianti elettrici per il settore industriale.<\/p>\n<p>Da oltre 30 anni partecipiamo allo sviluppo di grandi progetti in raffinerie di petrolio, impianti industriali, centrali elettriche, ecc.<\/p>\n<p>Forniamo servizi di manutenzione per impianti elettromeccanici in tutto il mondo.<\/p>\n<p>Ottimizziamo i processi per raggiungere la soddisfazione e la fidelizzazione dei nostri clienti.<\/p>\n<p>Ci prendiamo cura dei nostri dipendenti, il che si riflette nella qualit\u00e0 del nostro lavoro tecnico.<\/p>\n<p>Lavoriamo bene perch\u00e9 abbiamo esperienza nel settore; conosciamo il business e ci prendiamo cura dei nostri dipendenti e clienti.<\/p>\n<p>La nostra priorit\u00e0 \u00e8 soddisfare le esigenze dei clienti, mettendo a disposizione tutte le risorse tecniche e umane necessarie in ogni momento.<\/p>\n<p>Per migliorare continuamente i nostri servizi, abbiamo implementato un Sistema di Gestione basato sui principi della qualit\u00e0 e sui nostri valori aziendali, motore di tutta la nostra attivit\u00e0. Questa Politica della Qualit\u00e0 si basa sui seguenti pilastri strategici:<\/p>\n<ul>\n<li>Garantire il rispetto di tutti i requisiti applicabili, nonch\u00e9 di quelli che possiamo sottoscrivere con tutti i nostri gruppi di interesse e, in particolare, garantire la soddisfazione dei nostri clienti.<\/li>\n<li>Garantire un servizio di qualit\u00e0 a tutti i livelli, sostenuto da una gestione trasparente, un atteggiamento socialmente responsabile e risultati affidabili.<\/li>\n<li>Migliorare continuamente sia la qualit\u00e0 dei nostri servizi sia il modo in cui gestiamo la nostra attivit\u00e0, diventando sempre pi\u00f9 efficienti.<\/li>\n<li>Coinvolgere tutti i nostri gruppi di interesse nella nostra visione, stabilendo canali di comunicazione efficaci e unendo gli sforzi per raggiungere i nostri obiettivi e traguardi, il tutto sotto il principio del lavoro di squadra.<\/li>\n<li>Migliorare la nostra competitivit\u00e0 generando fiducia nei nostri clienti.<\/li>\n<li>Sfruttare i progressi e le risorse offerti dalle nuove tecnologie e dalle TIC, integrandoli nella nostra gestione e mettendoli a disposizione dei nostri gruppi di interesse.<\/li>\n<\/ul>\n<p><strong>La Direzione<\/strong><\/p>\n<p>18 febbraio 2025 (Rev.00)<\/p>\n<p>&nbsp;<\/p>\n<\/div><\/div><\/div><\/div><\/div>","protected":false},"excerpt":{"rendered":"","protected":false},"author":1,"featured_media":0,"parent":0,"menu_order":0,"comment_status":"closed","ping_status":"open","template":"","meta":{"footnotes":""},"class_list":["post-34417","page","type-page","status-publish","hentry"],"_links":{"self":[{"href":"https:\/\/www.faradayinternational.eu\/it\/wp-json\/wp\/v2\/pages\/34417","targetHints":{"allow":["GET"]}}],"collection":[{"href":"https:\/\/www.faradayinternational.eu\/it\/wp-json\/wp\/v2\/pages"}],"about":[{"href":"https:\/\/www.faradayinternational.eu\/it\/wp-json\/wp\/v2\/types\/page"}],"author":[{"embeddable":true,"href":"https:\/\/www.faradayinternational.eu\/it\/wp-json\/wp\/v2\/users\/1"}],"replies":[{"embeddable":true,"href":"https:\/\/www.faradayinternational.eu\/it\/wp-json\/wp\/v2\/comments?post=34417"}],"version-history":[{"count":4,"href":"https:\/\/www.faradayinternational.eu\/it\/wp-json\/wp\/v2\/pages\/34417\/revisions"}],"predecessor-version":[{"id":34425,"href":"https:\/\/www.faradayinternational.eu\/it\/wp-json\/wp\/v2\/pages\/34417\/revisions\/34425"}],"wp:attachment":[{"href":"https:\/\/www.faradayinternational.eu\/it\/wp-json\/wp\/v2\/media?parent=34417"}],"curies":[{"name":"wp","href":"https:\/\/api.w.org\/{rel}","templated":true}]}}